{"id":478,"date":"2019-08-30T16:18:07","date_gmt":"2019-08-30T14:18:07","guid":{"rendered":"http:\/\/www.transportespascualhigueruela.com\/?page_id=478"},"modified":"2019-08-30T16:22:38","modified_gmt":"2019-08-30T14:22:38","slug":"politica-de-calidad","status":"publish","type":"page","link":"http:\/\/www.transportespascualhigueruela.com\/?page_id=478","title":{"rendered":"Pol\u00edtica de calidad"},"content":{"rendered":"<p><strong>TRANSPORTES PASCUAL HIGUERUELA S.L.L<\/strong> es una empresa dedicada a \u00abTRANSPORTE NACIONAL E INTERNCIONAL DE MERCANC\u00cdAS PELIGROSAS, GENERALES Y ALIMENTARIAS POR CARRETERA\u00bb<\/p>\n<p style=\"text-align: justify;\">La Direcci\u00f3n, consciente de que hay que mejorar d\u00eda a d\u00eda el servicio prestado y con el prop\u00f3sito de ofrecer a sus clientes siempre las m\u00e1ximas garant\u00edas en la prestaci\u00f3n del servicio ofrecido, establece la presente pol\u00edtica de gesti\u00f3n que constituye la base de su Sistema de Gesti\u00f3n de la Calidad bajo norma UNE-EN ISO 9001:2015.<\/p>\n<p style=\"text-align: justify;\">Las v\u00edas a trav\u00e9s de las que <strong>TRANSPORTES PASCUAL HIGUERUELA S.L.L<\/strong> va a mejorar la gesti\u00f3n de sus procesos son:<\/p>\n<ol>\n<li style=\"text-align: justify;\">Conseguir la mejora continua en sus procesos mediante la aplicaci\u00f3n de la norma internacional\u00a0UNE-EN ISO 9001:2015 implantada.<\/li>\n<li style=\"text-align: justify;\">El establecimiento de unos objetivos de mejora coherentes con las necesidades de nuestros clientes, partes interesadas y de la sociedad actual.<\/li>\n<li style=\"text-align: justify;\">El compromiso de todos los empleados de la organizaci\u00f3n con el cumplimiento de los objetivos marcados, a trav\u00e9s del conocimiento de los mismos y de su estado de cumplimiento a lo largo del ejercicio.<\/li>\n<li style=\"text-align: justify;\">Implicar\u00a0en la satisfacci\u00f3n de los clientes y en la mejora continua a nuestros proveedores y subcontratas, inform\u00e1ndoles correctamente de nuestros requisitos y los de nuestros clientes cuando sea necesario y d\u00e1ndoles apoyo para su cumplimiento.<\/li>\n<li style=\"text-align: justify;\">Nuestro compromiso para cumplir con los requisitos del cliente, as\u00ed como con todos los requisitos legales y reglamentarios que sean de aplicaci\u00f3n a nuestras actividades y productos.<\/li>\n<li style=\"text-align: justify;\">Comunicaci\u00f3n de la pol\u00edtica. Formaci\u00f3n e informaci\u00f3n sobre la misma. Compromiso de mantenerla disponible para las partes interesadas.<\/li>\n<li style=\"text-align: justify;\">Revisi\u00f3n peri\u00f3dica, como m\u00ednimo anual, de la presente Pol\u00edtica en la revisi\u00f3n del Sistema de Gesti\u00f3n de Calidad.<\/li>\n<\/ol>\n","protected":false},"excerpt":{"rendered":"<p>TRANSPORTES PASCUAL HIGUERUELA S.L.L es una empresa dedicada a \u00abTRANSPORTE NACIONAL E INTERNCIONAL DE MERCANC\u00cdAS PELIGROSAS, GENERALES Y ALIMENTARIAS POR CARRETERA\u00bb La Direcci\u00f3n, consciente de que hay que mejorar d\u00eda a d\u00eda el servicio prestado y con el prop\u00f3sito de ofrecer a sus clientes siempre las m\u00e1ximas garant\u00edas en la prestaci\u00f3n del servicio ofrecido, establece [&hellip;]<\/p>\n","protected":false},"author":1,"featured_media":0,"parent":0,"menu_order":0,"comment_status":"closed","ping_status":"closed","template":"","meta":[],"_links":{"self":[{"href":"http:\/\/www.transportespascualhigueruela.com\/index.php?rest_route=\/wp\/v2\/pages\/478"}],"collection":[{"href":"http:\/\/www.transportespascualhigueruela.com\/index.php?rest_route=\/wp\/v2\/pages"}],"about":[{"href":"http:\/\/www.transportespascualhigueruela.com\/index.php?rest_route=\/wp\/v2\/types\/page"}],"author":[{"embeddable":true,"href":"http:\/\/www.transportespascualhigueruela.com\/index.php?rest_route=\/wp\/v2\/users\/1"}],"replies":[{"embeddable":true,"href":"http:\/\/www.transportespascualhigueruela.com\/index.php?rest_route=%2Fwp%2Fv2%2Fcomments&post=478"}],"version-history":[{"count":5,"href":"http:\/\/www.transportespascualhigueruela.com\/index.php?rest_route=\/wp\/v2\/pages\/478\/revisions"}],"predecessor-version":[{"id":483,"href":"http:\/\/www.transportespascualhigueruela.com\/index.php?rest_route=\/wp\/v2\/pages\/478\/revisions\/483"}],"wp:attachment":[{"href":"http:\/\/www.transportespascualhigueruela.com\/index.php?rest_route=%2Fwp%2Fv2%2Fmedia&parent=478"}],"curies":[{"name":"wp","href":"https:\/\/api.w.org\/{rel}","templated":true}]}}