{"id":469,"date":"2016-09-24T18:47:26","date_gmt":"2016-09-24T16:47:26","guid":{"rendered":"http:\/\/www.transportespascualhigueruela.com\/?page_id=469"},"modified":"2021-10-04T19:37:26","modified_gmt":"2021-10-04T17:37:26","slug":"aviso-legal","status":"publish","type":"page","link":"http:\/\/www.transportespascualhigueruela.com\/?page_id=469","title":{"rendered":"Protecci\u00f3n de datos"},"content":{"rendered":"<div class=\"page\" title=\"Page 48\">\n<div class=\"layoutArea\">\n<div class=\"column\">\n<p>Propietaria del web: TRANSPORTES PASCUAL HIGUERUELA, S.L.<br \/>\nDomicilio: C\/ POCICO DE LAS ARENAS No 7, C.P 02694 HIGUERUELA (ALBACETE)<\/p>\n<p>PROTECI\u00d3N DE DATOS DE CARACTER PERSONAL<br \/>\nDe acuerdo con lo establecido en la Ley 03\/2018 de Protecci\u00f3n de Datos de Car\u00e1cter Personal, le informamos que todos los datos de car\u00e1cter personal recopilados a trav\u00e9s de formularios de contacto o directamente a trav\u00e9s de e-mail, tel\u00e9fono o cualquier otro medio, ser\u00e1n incluidos en un fichero cuyo titular y responsable es TRANSPORTES PASCUAL HIGUERUELA, S.L., prestando el usuario consentimiento mediante la aceptaci\u00f3n de estas condiciones generales a dicho tratamiento.<\/p>\n<p>La finalidad del tratamiento de sus datos de car\u00e1cter personal, ser\u00e1 la de gesti\u00f3n de las consultas realizadas a trav\u00e9s del formulario de contacto de TRANSPORTES PASCUAL HIGUERUELA, S.L.<\/p>\n<p>Si lo desea, Vd. podr\u00e1 ejercitar los derechos de Acceso, Rectificaci\u00f3n, Cancelaci\u00f3n, limitaci\u00f3n del tratamiento, portabilidad y Oposici\u00f3n de los datos, seg\u00fan lo establecido en la legislaci\u00f3n vigente, dirigiendo un escrito a TRANSPORTES PASCUAL HIGUERUELA, S.L., C\/ POCICO DE LAS ARENAS No 7, C.P 02694 HIGUERUELA (ALBACETE)<\/p>\n<\/div>\n<\/div>\n<\/div>\n","protected":false},"excerpt":{"rendered":"<p>Propietaria del web: TRANSPORTES PASCUAL HIGUERUELA, S.L. Domicilio: C\/ POCICO DE LAS ARENAS No 7, C.P 02694 HIGUERUELA (ALBACETE) PROTECI\u00d3N DE DATOS DE CARACTER PERSONAL De acuerdo con lo establecido en la Ley 03\/2018 de Protecci\u00f3n de Datos de Car\u00e1cter Personal, le informamos que todos los datos de car\u00e1cter personal recopilados a trav\u00e9s de formularios [&hellip;]<\/p>\n","protected":false},"author":1,"featured_media":0,"parent":0,"menu_order":0,"comment_status":"closed","ping_status":"closed","template":"","meta":[],"_links":{"self":[{"href":"http:\/\/www.transportespascualhigueruela.com\/index.php?rest_route=\/wp\/v2\/pages\/469"}],"collection":[{"href":"http:\/\/www.transportespascualhigueruela.com\/index.php?rest_route=\/wp\/v2\/pages"}],"about":[{"href":"http:\/\/www.transportespascualhigueruela.com\/index.php?rest_route=\/wp\/v2\/types\/page"}],"author":[{"embeddable":true,"href":"http:\/\/www.transportespascualhigueruela.com\/index.php?rest_route=\/wp\/v2\/users\/1"}],"replies":[{"embeddable":true,"href":"http:\/\/www.transportespascualhigueruela.com\/index.php?rest_route=%2Fwp%2Fv2%2Fcomments&post=469"}],"version-history":[{"count":5,"href":"http:\/\/www.transportespascualhigueruela.com\/index.php?rest_route=\/wp\/v2\/pages\/469\/revisions"}],"predecessor-version":[{"id":512,"href":"http:\/\/www.transportespascualhigueruela.com\/index.php?rest_route=\/wp\/v2\/pages\/469\/revisions\/512"}],"wp:attachment":[{"href":"http:\/\/www.transportespascualhigueruela.com\/index.php?rest_route=%2Fwp%2Fv2%2Fmedia&parent=469"}],"curies":[{"name":"wp","href":"https:\/\/api.w.org\/{rel}","templated":true}]}}