{"id":428,"date":"2013-04-11T16:35:50","date_gmt":"2013-04-11T14:35:50","guid":{"rendered":"http:\/\/www.transportespascualhigueruela.com\/?page_id=428"},"modified":"2021-10-07T12:50:57","modified_gmt":"2021-10-07T10:50:57","slug":"vehiculos","status":"publish","type":"page","link":"http:\/\/www.transportespascualhigueruela.com\/?page_id=428","title":{"rendered":"VEH\u00cdCULOS"},"content":{"rendered":"<p class=\"fontkut\" style=\"margin: 20px; text-align: center;\">Disponemos de una flota de veh\u00edculos propios, tanto tractoras como semirremolques modelo tauliner.<br \/>\nEquipados para el transporte de cualquier tipo de mercanc\u00edas, incluso mercanc\u00edas peligrosos (ADR).<br \/>\nContamos tambi\u00e9n con seguro de mercanc\u00edas con cobertura de 200.000 \u20ac<\/p>\n<p align=\"center\"><img loading=\"lazy\" style=\"margin: 10px; border: black 1px solid;\" src=\"http:\/\/www.transportespascualhigueruela.com\/wp-content\/uploads\/2010\/06\/DSC_1732laflota.jpg\" alt=\"\" width=\"635\" height=\"377\" \/><\/p>\n","protected":false},"excerpt":{"rendered":"<p>Disponemos de una flota de veh\u00edculos propios, tanto tractoras como semirremolques modelo tauliner. Equipados para el transporte de cualquier tipo de mercanc\u00edas, incluso mercanc\u00edas peligrosos (ADR). Contamos tambi\u00e9n con seguro de mercanc\u00edas con cobertura de 200.000 \u20ac<\/p>\n","protected":false},"author":1,"featured_media":0,"parent":0,"menu_order":0,"comment_status":"closed","ping_status":"open","template":"","meta":[],"_links":{"self":[{"href":"http:\/\/www.transportespascualhigueruela.com\/index.php?rest_route=\/wp\/v2\/pages\/428"}],"collection":[{"href":"http:\/\/www.transportespascualhigueruela.com\/index.php?rest_route=\/wp\/v2\/pages"}],"about":[{"href":"http:\/\/www.transportespascualhigueruela.com\/index.php?rest_route=\/wp\/v2\/types\/page"}],"author":[{"embeddable":true,"href":"http:\/\/www.transportespascualhigueruela.com\/index.php?rest_route=\/wp\/v2\/users\/1"}],"replies":[{"embeddable":true,"href":"http:\/\/www.transportespascualhigueruela.com\/index.php?rest_route=%2Fwp%2Fv2%2Fcomments&post=428"}],"version-history":[{"count":11,"href":"http:\/\/www.transportespascualhigueruela.com\/index.php?rest_route=\/wp\/v2\/pages\/428\/revisions"}],"predecessor-version":[{"id":647,"href":"http:\/\/www.transportespascualhigueruela.com\/index.php?rest_route=\/wp\/v2\/pages\/428\/revisions\/647"}],"wp:attachment":[{"href":"http:\/\/www.transportespascualhigueruela.com\/index.php?rest_route=%2Fwp%2Fv2%2Fmedia&parent=428"}],"curies":[{"name":"wp","href":"https:\/\/api.w.org\/{rel}","templated":true}]}}