{"id":350,"date":"2012-11-25T16:25:45","date_gmt":"2012-11-25T14:25:45","guid":{"rendered":"http:\/\/www.transportespascualhigueruela.com\/?page_id=350"},"modified":"2021-10-07T10:47:31","modified_gmt":"2021-10-07T08:47:31","slug":"350-2","status":"publish","type":"page","link":"http:\/\/www.transportespascualhigueruela.com\/","title":{"rendered":""},"content":{"rendered":"<div id=\"pl-gb350-69f61fc26ad5e\"  class=\"panel-layout\" ><div id=\"pg-gb350-69f61fc26ad5e-0\"  class=\"panel-grid panel-no-style\" ><div id=\"pgc-gb350-69f61fc26ad5e-0-0\"  class=\"panel-grid-cell\" ><div id=\"panel-gb350-69f61fc26ad5e-0-0-0\" class=\"so-panel widget widget_circleicon-widget panel-first-child panel-last-child\" data-index=\"0\" >\t\t<div class=\"circle-icon-box circle-icon-position-top circle-icon-hide-box circle-icon-size-medium \">\n\t\t\t\t\t\t\t<div class=\"circle-icon-wrapper\">\n\t\t\t\t\t\t\t\t\t\t<div class=\"circle-icon\" >\n\t\t\t\t\t\t\t\t\t\t\t\t\t<div class=\"fa fa-truck\" ><\/div>\n\t\t\t\t\t\t\t\t\t\t\t<\/div> \n\t\t\t\t\t\t\t\t\t<\/div>\n\t\t\t\n\t\t\t\t\t\t\t\t\t\t<h4 style=\"color: #000000\">\n\t\t\t\t\tEMPRESA DE TRANSPORTES CON FLOTA PROPIA\t\t\t\t<\/h4>\n\t\t\t\t\t\t\n\t\t\t\t\t\t\t\t<\/div>\n\t\t<\/div><\/div><div id=\"pgc-gb350-69f61fc26ad5e-0-1\"  class=\"panel-grid-cell\" ><div id=\"panel-gb350-69f61fc26ad5e-0-1-0\" class=\"so-panel widget widget_circleicon-widget panel-first-child panel-last-child\" data-index=\"1\" >\t\t<div class=\"circle-icon-box circle-icon-position-top circle-icon-hide-box circle-icon-size-medium \">\n\t\t\t\t\t\t\t<div class=\"circle-icon-wrapper\">\n\t\t\t\t\t\t\t\t\t\t<div class=\"circle-icon\" >\n\t\t\t\t\t\t\t\t\t\t\t\t\t<div class=\"fa fa-compass\" ><\/div>\n\t\t\t\t\t\t\t\t\t\t\t<\/div> \n\t\t\t\t\t\t\t\t\t<\/div>\n\t\t\t\n\t\t\t\t\t\t\t\t\t\t<h4 >\n\t\t\t\t\tTRANSPORTE NACIONAL E INTERNACIONAL\t\t\t\t<\/h4>\n\t\t\t\t\t\t\n\t\t\t\t\t\t\t\t<\/div>\n\t\t<\/div><\/div><div id=\"pgc-gb350-69f61fc26ad5e-0-2\"  class=\"panel-grid-cell\" ><div id=\"panel-gb350-69f61fc26ad5e-0-2-0\" class=\"so-panel widget widget_circleicon-widget panel-first-child panel-last-child\" data-index=\"2\" >\t\t<div class=\"circle-icon-box circle-icon-position-top circle-icon-hide-box circle-icon-size-medium \">\n\t\t\t\t\t\t\t<div class=\"circle-icon-wrapper\">\n\t\t\t\t\t\t\t\t\t\t<div class=\"circle-icon\" >\n\t\t\t\t\t\t\t\t\t\t\t\t\t<div class=\"fa fa-exclamation\" ><\/div>\n\t\t\t\t\t\t\t\t\t\t\t<\/div> \n\t\t\t\t\t\t\t\t\t<\/div>\n\t\t\t\n\t\t\t\t\t\t\t\t\t\t<h4 >\n\t\t\t\t\tTRANSPORTE DE MERCANCIAS PELIGROSAS (ADR)\t\t\t\t<\/h4>\n\t\t\t\t\t\t\n\t\t\t\t\t\t\t\t<\/div>\n\t\t<\/div><\/div><\/div><div id=\"pg-gb350-69f61fc26ad5e-1\"  class=\"panel-grid panel-has-style\" ><div class=\"wide-grey panel-row-style panel-row-style-for-gb350-69f61fc26ad5e-1\" ><div id=\"pgc-gb350-69f61fc26ad5e-1-0\"  class=\"panel-grid-cell\" ><div id=\"panel-gb350-69f61fc26ad5e-1-0-0\" class=\"so-panel widget widget_headline-widget panel-first-child panel-last-child\" data-index=\"3\" >\t\t<h1>FUNDADA A MEDIADOS DE LOS A\u00d1OS 70<\/h1>\n\t\t<div class=\"decoration\"><div class=\"decoration-inside\"><\/div><\/div>\n\t\t<h3>Empresa fundada a mediados de los a\u00f1os 70 que no se constituye como sociedad limitada hasta el a\u00f1o 2000. Su actividad principal se ha centrado en el transporte de mercanc\u00edas peligrosas entre Catalu\u00f1a y Andaluc\u00eda colaborando fundamentalmente con Henkel Ib\u00e9rica S.A.<\/h3>\n\t\t<\/div><\/div><div id=\"pgc-gb350-69f61fc26ad5e-1-1\"  class=\"panel-grid-cell\" ><div id=\"panel-gb350-69f61fc26ad5e-1-1-0\" class=\"so-panel widget panel-first-child panel-last-child\" data-index=\"4\" ><\/div><\/div><\/div><\/div><div id=\"pg-gb350-69f61fc26ad5e-2\"  class=\"panel-grid panel-no-style\" ><div id=\"pgc-gb350-69f61fc26ad5e-2-0\"  class=\"panel-grid-cell\" ><div id=\"panel-gb350-69f61fc26ad5e-2-0-0\" class=\"so-panel widget panel-first-child panel-last-child\" data-index=\"5\" ><\/div><\/div><\/div><div id=\"pg-gb350-69f61fc26ad5e-3\"  class=\"panel-grid panel-has-style\" ><div class=\"wide-grey panel-row-style panel-row-style-for-gb350-69f61fc26ad5e-3\" ><div id=\"pgc-gb350-69f61fc26ad5e-3-0\"  class=\"panel-grid-cell\" ><div id=\"panel-gb350-69f61fc26ad5e-3-0-0\" class=\"so-panel widget widget_media_image panel-first-child panel-last-child\" data-index=\"6\" ><img width=\"200\" height=\"202\" src=\"http:\/\/www.transportespascualhigueruela.com\/wp-content\/uploads\/logo-ADOK-BLANCO-298x300.png\" class=\"image wp-image-506  attachment-200x202 size-200x202\" alt=\"\" loading=\"lazy\" style=\"max-width: 100%; height: auto;\" srcset=\"http:\/\/www.transportespascualhigueruela.com\/wp-content\/uploads\/logo-ADOK-BLANCO-298x300.png 298w, http:\/\/www.transportespascualhigueruela.com\/wp-content\/uploads\/logo-ADOK-BLANCO.png 396w\" sizes=\"(max-width: 200px) 100vw, 200px\" \/><\/div><\/div><div id=\"pgc-gb350-69f61fc26ad5e-3-1\"  class=\"panel-grid-cell\" ><div id=\"panel-gb350-69f61fc26ad5e-3-1-0\" class=\"so-panel widget widget_headline-widget panel-first-child panel-last-child\" data-index=\"7\" >\t\t<h1>EMPRESA CON CERTIFICADO ISO 9001<\/h1>\n\t\t<div class=\"decoration\"><div class=\"decoration-inside\"><\/div><\/div>\n\t\t<h3>La certificaci\u00f3n ISO 9001 demuestra que Transportes Pascual Higueruela cuenta con un sistema de gesti\u00f3n de la calidad que cumple los requisitos de la citada norma. Esta norma internacional define los mecanismos necesarios para establecer la mejora continua dentro de la empresa. La norma ISO 9001 demuestra a sus clientes que la empresa cumple con una normativa de calidad y cuenta con un sistema de trabajo estandarizado.<\/h3>\n\t\t<\/div><\/div><\/div><\/div><\/div>\n\n\n<p><\/p>\n","protected":false},"excerpt":{"rendered":"","protected":false},"author":1,"featured_media":38,"parent":0,"menu_order":0,"comment_status":"closed","ping_status":"open","template":"","meta":[],"_links":{"self":[{"href":"http:\/\/www.transportespascualhigueruela.com\/index.php?rest_route=\/wp\/v2\/pages\/350"}],"collection":[{"href":"http:\/\/www.transportespascualhigueruela.com\/index.php?rest_route=\/wp\/v2\/pages"}],"about":[{"href":"http:\/\/www.transportespascualhigueruela.com\/index.php?rest_route=\/wp\/v2\/types\/page"}],"author":[{"embeddable":true,"href":"http:\/\/www.transportespascualhigueruela.com\/index.php?rest_route=\/wp\/v2\/users\/1"}],"replies":[{"embeddable":true,"href":"http:\/\/www.transportespascualhigueruela.com\/index.php?rest_route=%2Fwp%2Fv2%2Fcomments&post=350"}],"version-history":[{"count":32,"href":"http:\/\/www.transportespascualhigueruela.com\/index.php?rest_route=\/wp\/v2\/pages\/350\/revisions"}],"predecessor-version":[{"id":587,"href":"http:\/\/www.transportespascualhigueruela.com\/index.php?rest_route=\/wp\/v2\/pages\/350\/revisions\/587"}],"wp:featuredmedia":[{"embeddable":true,"href":"http:\/\/www.transportespascualhigueruela.com\/index.php?rest_route=\/wp\/v2\/media\/38"}],"wp:attachment":[{"href":"http:\/\/www.transportespascualhigueruela.com\/index.php?rest_route=%2Fwp%2Fv2%2Fmedia&parent=350"}],"curies":[{"name":"wp","href":"https:\/\/api.w.org\/{rel}","templated":true}]}}