{"id":307,"date":"2012-11-25T13:36:00","date_gmt":"2012-11-25T11:36:00","guid":{"rendered":"http:\/\/www.transportespascualhigueruela.com\/?page_id=307"},"modified":"2019-08-30T16:26:04","modified_gmt":"2019-08-30T14:26:04","slug":"historia","status":"publish","type":"page","link":"http:\/\/www.transportespascualhigueruela.com\/?page_id=307","title":{"rendered":"HISTORIA"},"content":{"rendered":"<p style=\"text-align: justify;\">Empresa\u00a0fundada a mediados de los a\u00f1os 70 que no se constituye como sociedad limitada hasta el a\u00f1o 2000.<\/p>\n<p style=\"text-align: justify;\">Su actividad principal se ha centrado en el transporte de mercancias peligrosas entre catalu\u00f1a y andalucia colaborando fundamentalmente con Henkel Iberica S.A.<\/p>\n<p><img loading=\"lazy\" class=\"alignleft\" style=\"margin-top: 20px; margin-bottom: 20px; border: 1px solid black;\" src=\"http:\/\/www.transportespascualhigueruela.com\/wp-content\/uploads\/2010\/06\/historia_dos-1023x761.jpg\" alt=\"\" width=\"368\" height=\"272\" \/><img loading=\"lazy\" class=\"alignright\" style=\"margin-top: 20px; margin-bottom: 20px; border: 1px solid black;\" src=\"http:\/\/www.transportespascualhigueruela.com\/wp-content\/uploads\/2010\/06\/historia_uno.jpg\" alt=\"\" width=\"368\" height=\"272\" \/><\/p>\n<p style=\"text-align: center;\"><img loading=\"lazy\" class=\"alignright\" style=\"border: 1px solid black; margin: 20px;\" src=\"http:\/\/www.transportespascualhigueruela.com\/wp-content\/uploads\/equipo_humano2.jpg\" alt=\"\" width=\"360\" height=\"482\" \/><img loading=\"lazy\" class=\"alignleft\" style=\"border: 1px solid black; margin: 20px;\" src=\"http:\/\/www.transportespascualhigueruela.com\/wp-content\/uploads\/equipo_humano.jpg\" alt=\"\" width=\"338\" height=\"231\" \/><img loading=\"lazy\" class=\"aligncenter\" style=\"border: 1px solid black; margin: 20px;\" src=\"http:\/\/www.transportespascualhigueruela.com\/wp-content\/uploads\/2010\/06\/DSC_17821-1024x263.jpg\" alt=\"\" width=\"92%\" height=\"%92\" \/><\/p>\n","protected":false},"excerpt":{"rendered":"<p>Empresa\u00a0fundada a mediados de los a\u00f1os 70 que no se constituye como sociedad limitada hasta el a\u00f1o 2000. Su actividad principal se ha centrado en el transporte de mercancias peligrosas entre catalu\u00f1a y andalucia colaborando fundamentalmente con Henkel Iberica S.A.<\/p>\n","protected":false},"author":1,"featured_media":0,"parent":0,"menu_order":0,"comment_status":"closed","ping_status":"open","template":"","meta":[],"_links":{"self":[{"href":"http:\/\/www.transportespascualhigueruela.com\/index.php?rest_route=\/wp\/v2\/pages\/307"}],"collection":[{"href":"http:\/\/www.transportespascualhigueruela.com\/index.php?rest_route=\/wp\/v2\/pages"}],"about":[{"href":"http:\/\/www.transportespascualhigueruela.com\/index.php?rest_route=\/wp\/v2\/types\/page"}],"author":[{"embeddable":true,"href":"http:\/\/www.transportespascualhigueruela.com\/index.php?rest_route=\/wp\/v2\/users\/1"}],"replies":[{"embeddable":true,"href":"http:\/\/www.transportespascualhigueruela.com\/index.php?rest_route=%2Fwp%2Fv2%2Fcomments&post=307"}],"version-history":[{"count":41,"href":"http:\/\/www.transportespascualhigueruela.com\/index.php?rest_route=\/wp\/v2\/pages\/307\/revisions"}],"predecessor-version":[{"id":484,"href":"http:\/\/www.transportespascualhigueruela.com\/index.php?rest_route=\/wp\/v2\/pages\/307\/revisions\/484"}],"wp:attachment":[{"href":"http:\/\/www.transportespascualhigueruela.com\/index.php?rest_route=%2Fwp%2Fv2%2Fmedia&parent=307"}],"curies":[{"name":"wp","href":"https:\/\/api.w.org\/{rel}","templated":true}]}}