{"id":304,"date":"2012-11-25T13:35:06","date_gmt":"2012-11-25T11:35:06","guid":{"rendered":"http:\/\/www.transportespascualhigueruela.com\/?page_id=304"},"modified":"2021-10-07T12:46:02","modified_gmt":"2021-10-07T10:46:02","slug":"contacto","status":"publish","type":"page","link":"http:\/\/www.transportespascualhigueruela.com\/?page_id=304","title":{"rendered":"CONTACTO"},"content":{"rendered":"<div id=\"pl-gb304-69ece32a45220\"  class=\"panel-layout\" ><div id=\"pg-gb304-69ece32a45220-0\"  class=\"panel-grid panel-no-style\" ><div id=\"pgc-gb304-69ece32a45220-0-0\"  class=\"panel-grid-cell\" ><div id=\"panel-gb304-69ece32a45220-0-0-0\" class=\"so-panel widget widget_text panel-first-child panel-last-child\" data-index=\"0\" ><div class=\"panel-widget-style panel-widget-style-for-gb304-69ece32a45220-0-0-0\" ><h3 class=\"widget-title\">DIRECCI\u00d3N:<\/h3>\t\t\t<div class=\"textwidget\"><p class=\"fontkut\">PASCUAL HIGUERUELA SLL<br \/>\nC\/ POCICO DE LAS ARENAS N\u00ba 7<br \/>\n02694 HIGUERUELA<br \/>\nALBACETE<br \/>\n<i class=\"fa fa-map-marker\"> <\/i><\/p>\n<\/div>\n\t\t<\/div><\/div><\/div><div id=\"pgc-gb304-69ece32a45220-0-1\"  class=\"panel-grid-cell\" ><div id=\"panel-gb304-69ece32a45220-0-1-0\" class=\"so-panel widget widget_text panel-first-child panel-last-child\" data-index=\"1\" ><div class=\"panel-widget-style panel-widget-style-for-gb304-69ece32a45220-0-1-0\" ><h3 class=\"widget-title\">CONTACTO:<\/h3>\t\t\t<div class=\"textwidget\"><p class=\"fontkut\"><i class=\"fa fa-phone\"> <\/i> ADMINISTRACI\u00d3N: 637 504 064<br \/>\n<i class=\"fa fa-phone\"> <\/i> TR\u00c1FICO 1: 647 578 663<br \/>\n<i class=\"fa fa-phone\"> <\/i> TR\u00c1FICO 2: 647 656 405<br \/>\n<i class=\"fa fa-envelope\"> <\/i> trafico@transportespascualhigueruela.com<br \/>\n<i class=\"fa fa-envelope\"> <\/i> administracion@transportespascualhigueruela.com<\/p>\n<\/div>\n\t\t<\/div><\/div><\/div><\/div><div id=\"pg-gb304-69ece32a45220-1\"  class=\"panel-grid panel-no-style\" ><div id=\"pgc-gb304-69ece32a45220-1-0\"  class=\"panel-grid-cell\" ><div id=\"panel-gb304-69ece32a45220-1-0-0\" class=\"widget_text so-panel widget widget_custom_html panel-first-child panel-last-child\" data-index=\"2\" ><div class=\"textwidget custom-html-widget\"><iframe src=\"https:\/\/www.google.com\/maps\/embed?pb=!1m18!1m12!1m3!1d3102.4385376525056!2d-1.4507416840360585!3d38.95965335087592!2m3!1f0!2f0!3f0!3m2!1i1024!2i768!4f13.1!3m3!1m2!1s0xd66bf27c2c06861%3A0x2578534cbff8c140!2sTransportes%20Pascual!5e0!3m2!1ses!2ses!4v1633600493164!5m2!1ses!2ses\" width=\"1500\" height=\"450\" style=\"border:0;\" allowfullscreen=\"\" loading=\"lazy\"><\/iframe><\/div><\/div><\/div><\/div><\/div>","protected":false},"excerpt":{"rendered":"<p>PASCUAL HIGUERUELA SLL C\/ POCICO DE LAS ARENAS N\u00ba 7 02694 HIGUERUELA ALBACETE ADMINISTRACI\u00d3N: 637 504 064 TR\u00c1FICO 1: 647 578 663 TR\u00c1FICO 2: 647 656 405 trafico@transportespascualhigueruela.com administracion@transportespascualhigueruela.com<\/p>\n","protected":false},"author":1,"featured_media":0,"parent":0,"menu_order":0,"comment_status":"closed","ping_status":"open","template":"","meta":[],"_links":{"self":[{"href":"http:\/\/www.transportespascualhigueruela.com\/index.php?rest_route=\/wp\/v2\/pages\/304"}],"collection":[{"href":"http:\/\/www.transportespascualhigueruela.com\/index.php?rest_route=\/wp\/v2\/pages"}],"about":[{"href":"http:\/\/www.transportespascualhigueruela.com\/index.php?rest_route=\/wp\/v2\/types\/page"}],"author":[{"embeddable":true,"href":"http:\/\/www.transportespascualhigueruela.com\/index.php?rest_route=\/wp\/v2\/users\/1"}],"replies":[{"embeddable":true,"href":"http:\/\/www.transportespascualhigueruela.com\/index.php?rest_route=%2Fwp%2Fv2%2Fcomments&post=304"}],"version-history":[{"count":33,"href":"http:\/\/www.transportespascualhigueruela.com\/index.php?rest_route=\/wp\/v2\/pages\/304\/revisions"}],"predecessor-version":[{"id":645,"href":"http:\/\/www.transportespascualhigueruela.com\/index.php?rest_route=\/wp\/v2\/pages\/304\/revisions\/645"}],"wp:attachment":[{"href":"http:\/\/www.transportespascualhigueruela.com\/index.php?rest_route=%2Fwp%2Fv2%2Fmedia&parent=304"}],"curies":[{"name":"wp","href":"https:\/\/api.w.org\/{rel}","templated":true}]}}